{"id":1023,"date":"2021-09-27T16:59:08","date_gmt":"2021-09-27T16:59:08","guid":{"rendered":"https:\/\/vsdorfstetten.ac.at\/?page_id=1023"},"modified":"2021-09-27T16:59:08","modified_gmt":"2021-09-27T16:59:08","slug":"klassen-2021-22","status":"publish","type":"page","link":"https:\/\/vsdorfstetten.ac.at\/index.php\/klassen-2021-22\/","title":{"rendered":"Klassen 2021\/22"},"content":{"rendered":"\n<figure class=\"wp-block-image is-resized\"><img loading=\"lazy\" src=\"https:\/\/vsdorfstetten.ac.at\/wp-content\/uploads\/2021\/09\/DSC6185_klein-1.jpg\" alt=\"\" class=\"wp-image-1025\" width=\"691\" height=\"498\" srcset=\"https:\/\/vsdorfstetten.ac.at\/wp-content\/uploads\/2021\/09\/DSC6185_klein-1.jpg 800w, https:\/\/vsdorfstetten.ac.at\/wp-content\/uploads\/2021\/09\/DSC6185_klein-1-300x216.jpg 300w, https:\/\/vsdorfstetten.ac.at\/wp-content\/uploads\/2021\/09\/DSC6185_klein-1-768x554.jpg 768w\" sizes=\"(max-width: 691px) 100vw, 691px\" \/><figcaption> 6 Sch\u00fcler und Sch\u00fclerinnen der 1.Schulstufe  <br>                                                             3 Sch\u00fcler und Sch\u00fclerinnen der 2.Schulstufe                                                                                                                                                             <br> <\/figcaption><\/figure>\n\n\n\n<figure class=\"wp-block-image is-resized\"><img loading=\"lazy\" src=\"https:\/\/vsdorfstetten.ac.at\/wp-content\/uploads\/2021\/09\/DSC6164_klein.jpg\" alt=\"\" class=\"wp-image-1026\" width=\"691\" height=\"498\" srcset=\"https:\/\/vsdorfstetten.ac.at\/wp-content\/uploads\/2021\/09\/DSC6164_klein.jpg 800w, https:\/\/vsdorfstetten.ac.at\/wp-content\/uploads\/2021\/09\/DSC6164_klein-300x216.jpg 300w, https:\/\/vsdorfstetten.ac.at\/wp-content\/uploads\/2021\/09\/DSC6164_klein-768x554.jpg 768w\" sizes=\"(max-width: 691px) 100vw, 691px\" \/><figcaption>                                                           7 Sch\u00fcler und Sch\u00fclerinnen der 3.Schulstufe                                                                          <br>11 Sch\u00fcler und Sch\u00fclerinnen der 4.Schulstufe  <br>   <\/figcaption><\/figure>\n","protected":false},"excerpt":{"rendered":"","protected":false},"author":1,"featured_media":0,"parent":0,"menu_order":0,"comment_status":"closed","ping_status":"closed","template":"","meta":[],"_links":{"self":[{"href":"https:\/\/vsdorfstetten.ac.at\/index.php\/wp-json\/wp\/v2\/pages\/1023"}],"collection":[{"href":"https:\/\/vsdorfstetten.ac.at\/index.php\/wp-json\/wp\/v2\/pages"}],"about":[{"href":"https:\/\/vsdorfstetten.ac.at\/index.php\/wp-json\/wp\/v2\/types\/page"}],"author":[{"embeddable":true,"href":"https:\/\/vsdorfstetten.ac.at\/index.php\/wp-json\/wp\/v2\/users\/1"}],"replies":[{"embeddable":true,"href":"https:\/\/vsdorfstetten.ac.at\/index.php\/wp-json\/wp\/v2\/comments?post=1023"}],"version-history":[{"count":1,"href":"https:\/\/vsdorfstetten.ac.at\/index.php\/wp-json\/wp\/v2\/pages\/1023\/revisions"}],"predecessor-version":[{"id":1027,"href":"https:\/\/vsdorfstetten.ac.at\/index.php\/wp-json\/wp\/v2\/pages\/1023\/revisions\/1027"}],"wp:attachment":[{"href":"https:\/\/vsdorfstetten.ac.at\/index.php\/wp-json\/wp\/v2\/media?parent=1023"}],"curies":[{"name":"wp","href":"https:\/\/api.w.org\/{rel}","templated":true}]}}