{"id":1852,"date":"2022-09-25T17:27:46","date_gmt":"2022-09-25T17:27:46","guid":{"rendered":"https:\/\/vsdorfstetten.ac.at\/?page_id=1852"},"modified":"2022-09-25T17:31:54","modified_gmt":"2022-09-25T17:31:54","slug":"klassen-2022-23","status":"publish","type":"page","link":"https:\/\/vsdorfstetten.ac.at\/index.php\/klassen-2022-23\/","title":{"rendered":"Klassen 2022\/23"},"content":{"rendered":"\n<p><strong>1.Klasse<\/strong><\/p>\n\n\n\n<figure class=\"wp-block-image size-large\"><img loading=\"lazy\" width=\"1024\" height=\"683\" src=\"https:\/\/vsdorfstetten.ac.at\/wp-content\/uploads\/2022\/09\/DSC6784-21x-1-1024x683.jpg\" alt=\"\" class=\"wp-image-1853\" srcset=\"https:\/\/vsdorfstetten.ac.at\/wp-content\/uploads\/2022\/09\/DSC6784-21x-1-1024x683.jpg 1024w, https:\/\/vsdorfstetten.ac.at\/wp-content\/uploads\/2022\/09\/DSC6784-21x-1-300x200.jpg 300w, https:\/\/vsdorfstetten.ac.at\/wp-content\/uploads\/2022\/09\/DSC6784-21x-1-768x513.jpg 768w, https:\/\/vsdorfstetten.ac.at\/wp-content\/uploads\/2022\/09\/DSC6784-21x-1-1536x1025.jpg 1536w, https:\/\/vsdorfstetten.ac.at\/wp-content\/uploads\/2022\/09\/DSC6784-21x-1-2048x1367.jpg 2048w\" sizes=\"(max-width: 1024px) 100vw, 1024px\" \/><\/figure>\n\n\n\n<p>13 Sch\u00fcler und Sch\u00fclerinnen der 1.Klasse<\/p>\n\n\n\n<p>6 Sch\u00fcler und Sch\u00fclerinnen der 2.Klasse<\/p>\n\n\n\n<p><\/p>\n\n\n\n<p><strong>2.Klasse<\/strong><\/p>\n\n\n\n<figure class=\"wp-block-image size-large\"><img loading=\"lazy\" width=\"1024\" height=\"683\" src=\"https:\/\/vsdorfstetten.ac.at\/wp-content\/uploads\/2022\/09\/DSC6789-11x-1024x683.jpg\" alt=\"\" class=\"wp-image-1854\" srcset=\"https:\/\/vsdorfstetten.ac.at\/wp-content\/uploads\/2022\/09\/DSC6789-11x-1024x683.jpg 1024w, https:\/\/vsdorfstetten.ac.at\/wp-content\/uploads\/2022\/09\/DSC6789-11x-300x200.jpg 300w, https:\/\/vsdorfstetten.ac.at\/wp-content\/uploads\/2022\/09\/DSC6789-11x-768x513.jpg 768w, https:\/\/vsdorfstetten.ac.at\/wp-content\/uploads\/2022\/09\/DSC6789-11x-1536x1025.jpg 1536w, https:\/\/vsdorfstetten.ac.at\/wp-content\/uploads\/2022\/09\/DSC6789-11x-2048x1367.jpg 2048w\" sizes=\"(max-width: 1024px) 100vw, 1024px\" \/><\/figure>\n\n\n\n<p>2 Sch\u00fcler und Sch\u00fclerinnen der 3.Klasse<\/p>\n\n\n\n<p>7 Sch\u00fcler und Sch\u00fclerinnen der 4.Klasse<\/p>\n","protected":false},"excerpt":{"rendered":"<p>1.Klasse 13 Sch\u00fcler und Sch\u00fclerinnen der 1.Klasse 6 Sch\u00fcler und Sch\u00fclerinnen der 2.Klasse 2.Klasse 2 Sch\u00fcler und Sch\u00fclerinnen der 3.Klasse &hellip; <\/p>\n","protected":false},"author":1,"featured_media":0,"parent":0,"menu_order":0,"comment_status":"closed","ping_status":"closed","template":"","meta":[],"_links":{"self":[{"href":"https:\/\/vsdorfstetten.ac.at\/index.php\/wp-json\/wp\/v2\/pages\/1852"}],"collection":[{"href":"https:\/\/vsdorfstetten.ac.at\/index.php\/wp-json\/wp\/v2\/pages"}],"about":[{"href":"https:\/\/vsdorfstetten.ac.at\/index.php\/wp-json\/wp\/v2\/types\/page"}],"author":[{"embeddable":true,"href":"https:\/\/vsdorfstetten.ac.at\/index.php\/wp-json\/wp\/v2\/users\/1"}],"replies":[{"embeddable":true,"href":"https:\/\/vsdorfstetten.ac.at\/index.php\/wp-json\/wp\/v2\/comments?post=1852"}],"version-history":[{"count":2,"href":"https:\/\/vsdorfstetten.ac.at\/index.php\/wp-json\/wp\/v2\/pages\/1852\/revisions"}],"predecessor-version":[{"id":1858,"href":"https:\/\/vsdorfstetten.ac.at\/index.php\/wp-json\/wp\/v2\/pages\/1852\/revisions\/1858"}],"wp:attachment":[{"href":"https:\/\/vsdorfstetten.ac.at\/index.php\/wp-json\/wp\/v2\/media?parent=1852"}],"curies":[{"name":"wp","href":"https:\/\/api.w.org\/{rel}","templated":true}]}}