{"id":2873,"date":"2023-09-26T17:35:27","date_gmt":"2023-09-26T17:35:27","guid":{"rendered":"https:\/\/vsdorfstetten.ac.at\/?page_id=2873"},"modified":"2023-09-26T17:35:27","modified_gmt":"2023-09-26T17:35:27","slug":"klassen-2023-24","status":"publish","type":"page","link":"https:\/\/vsdorfstetten.ac.at\/index.php\/klassen-2023-24\/","title":{"rendered":"Klassen 2023\/24"},"content":{"rendered":"\n<p><strong>1.Klasse<\/strong><\/p>\n\n\n<div class=\"wp-block-image\">\n<figure class=\"aligncenter size-full is-resized\"><img loading=\"lazy\" src=\"https:\/\/vsdorfstetten.ac.at\/wp-content\/uploads\/2023\/09\/dsc9798__web.jpg\" alt=\"\" class=\"wp-image-2874\" width=\"630\" height=\"455\" srcset=\"https:\/\/vsdorfstetten.ac.at\/wp-content\/uploads\/2023\/09\/dsc9798__web.jpg 1000w, https:\/\/vsdorfstetten.ac.at\/wp-content\/uploads\/2023\/09\/dsc9798__web-300x217.jpg 300w, https:\/\/vsdorfstetten.ac.at\/wp-content\/uploads\/2023\/09\/dsc9798__web-768x554.jpg 768w\" sizes=\"(max-width: 630px) 100vw, 630px\" \/><\/figure><\/div>\n\n\n<p>7 Sch\u00fcler und Sch\u00fclerinnen der 1.Klasse<\/p>\n\n\n\n<p>11 Sch\u00fcler und Sch\u00fclerinnen der 2.Klasse<\/p>\n\n\n\n<p><\/p>\n\n\n\n<p><strong>2.Klasse<\/strong><\/p>\n\n\n<div class=\"wp-block-image\">\n<figure class=\"aligncenter size-full is-resized\"><img loading=\"lazy\" src=\"https:\/\/vsdorfstetten.ac.at\/wp-content\/uploads\/2023\/09\/dsc9803b_web.jpg\" alt=\"\" class=\"wp-image-2875\" width=\"648\" height=\"467\" srcset=\"https:\/\/vsdorfstetten.ac.at\/wp-content\/uploads\/2023\/09\/dsc9803b_web.jpg 1000w, https:\/\/vsdorfstetten.ac.at\/wp-content\/uploads\/2023\/09\/dsc9803b_web-300x217.jpg 300w, https:\/\/vsdorfstetten.ac.at\/wp-content\/uploads\/2023\/09\/dsc9803b_web-768x554.jpg 768w\" sizes=\"(max-width: 648px) 100vw, 648px\" \/><\/figure><\/div>\n\n\n<p>6 Sch\u00fcler und Sch\u00fclerinnen der 3.Klasse<\/p>\n\n\n\n<p>2 Sch\u00fcler und Sch\u00fclerinnen der 4.Klasse<\/p>\n","protected":false},"excerpt":{"rendered":"<p>1.Klasse 7 Sch\u00fcler und Sch\u00fclerinnen der 1.Klasse 11 Sch\u00fcler und Sch\u00fclerinnen der 2.Klasse 2.Klasse 6 Sch\u00fcler und Sch\u00fclerinnen der 3.Klasse &hellip; <\/p>\n","protected":false},"author":1,"featured_media":0,"parent":0,"menu_order":0,"comment_status":"closed","ping_status":"closed","template":"","meta":[],"_links":{"self":[{"href":"https:\/\/vsdorfstetten.ac.at\/index.php\/wp-json\/wp\/v2\/pages\/2873"}],"collection":[{"href":"https:\/\/vsdorfstetten.ac.at\/index.php\/wp-json\/wp\/v2\/pages"}],"about":[{"href":"https:\/\/vsdorfstetten.ac.at\/index.php\/wp-json\/wp\/v2\/types\/page"}],"author":[{"embeddable":true,"href":"https:\/\/vsdorfstetten.ac.at\/index.php\/wp-json\/wp\/v2\/users\/1"}],"replies":[{"embeddable":true,"href":"https:\/\/vsdorfstetten.ac.at\/index.php\/wp-json\/wp\/v2\/comments?post=2873"}],"version-history":[{"count":1,"href":"https:\/\/vsdorfstetten.ac.at\/index.php\/wp-json\/wp\/v2\/pages\/2873\/revisions"}],"predecessor-version":[{"id":2876,"href":"https:\/\/vsdorfstetten.ac.at\/index.php\/wp-json\/wp\/v2\/pages\/2873\/revisions\/2876"}],"wp:attachment":[{"href":"https:\/\/vsdorfstetten.ac.at\/index.php\/wp-json\/wp\/v2\/media?parent=2873"}],"curies":[{"name":"wp","href":"https:\/\/api.w.org\/{rel}","templated":true}]}}