{"id":3524,"date":"2024-09-23T09:22:05","date_gmt":"2024-09-23T09:22:05","guid":{"rendered":"https:\/\/vsdorfstetten.ac.at\/?page_id=3524"},"modified":"2024-09-23T09:22:06","modified_gmt":"2024-09-23T09:22:06","slug":"klassen-2024-25","status":"publish","type":"page","link":"https:\/\/vsdorfstetten.ac.at\/index.php\/klassen-2024-25\/","title":{"rendered":"Klassen 2024\/25"},"content":{"rendered":"\n<p><strong>1.Klasse<\/strong><\/p>\n\n\n\n<figure class=\"wp-block-image size-large is-resized\"><img loading=\"lazy\" src=\"https:\/\/vsdorfstetten.ac.at\/wp-content\/uploads\/2024\/09\/DSC0321_web-1024x739.jpg\" alt=\"\" class=\"wp-image-3526\" width=\"629\" height=\"454\" srcset=\"https:\/\/vsdorfstetten.ac.at\/wp-content\/uploads\/2024\/09\/DSC0321_web-1024x739.jpg 1024w, https:\/\/vsdorfstetten.ac.at\/wp-content\/uploads\/2024\/09\/DSC0321_web-300x217.jpg 300w, https:\/\/vsdorfstetten.ac.at\/wp-content\/uploads\/2024\/09\/DSC0321_web-768x554.jpg 768w, https:\/\/vsdorfstetten.ac.at\/wp-content\/uploads\/2024\/09\/DSC0321_web-1536x1109.jpg 1536w, https:\/\/vsdorfstetten.ac.at\/wp-content\/uploads\/2024\/09\/DSC0321_web-2048x1479.jpg 2048w\" sizes=\"(max-width: 629px) 100vw, 629px\" \/><\/figure>\n\n\n\n<p>8 Sch\u00fclerinnen und Sch\u00fcler der 1.Schulstufe<\/p>\n\n\n\n<p>6 Sch\u00fclerinnen und Sch\u00fcler der 2.Schulstufe<\/p>\n\n\n\n<p><\/p>\n\n\n\n<p><strong>2.Klasse<\/strong><\/p>\n\n\n\n<figure class=\"wp-block-image size-large is-resized\"><img loading=\"lazy\" src=\"https:\/\/vsdorfstetten.ac.at\/wp-content\/uploads\/2024\/09\/DSC0327b_web-1024x739.jpg\" alt=\"\" class=\"wp-image-3527\" width=\"641\" height=\"462\" srcset=\"https:\/\/vsdorfstetten.ac.at\/wp-content\/uploads\/2024\/09\/DSC0327b_web-1024x739.jpg 1024w, https:\/\/vsdorfstetten.ac.at\/wp-content\/uploads\/2024\/09\/DSC0327b_web-300x217.jpg 300w, https:\/\/vsdorfstetten.ac.at\/wp-content\/uploads\/2024\/09\/DSC0327b_web-768x554.jpg 768w, https:\/\/vsdorfstetten.ac.at\/wp-content\/uploads\/2024\/09\/DSC0327b_web-1536x1109.jpg 1536w, https:\/\/vsdorfstetten.ac.at\/wp-content\/uploads\/2024\/09\/DSC0327b_web-2048x1479.jpg 2048w\" sizes=\"(max-width: 641px) 100vw, 641px\" \/><\/figure>\n\n\n\n<p>11 Sch\u00fclerinnen und Sch\u00fcler der 3.Schulstufe<\/p>\n\n\n\n<p>6 Sch\u00fclerinnen und Sch\u00fcler der 4.Schulstufe<\/p>\n","protected":false},"excerpt":{"rendered":"<p>1.Klasse 8 Sch\u00fclerinnen und Sch\u00fcler der 1.Schulstufe 6 Sch\u00fclerinnen und Sch\u00fcler der 2.Schulstufe 2.Klasse 11 Sch\u00fclerinnen und Sch\u00fcler der 3.Schulstufe &hellip; <\/p>\n","protected":false},"author":1,"featured_media":0,"parent":0,"menu_order":0,"comment_status":"closed","ping_status":"closed","template":"","meta":[],"_links":{"self":[{"href":"https:\/\/vsdorfstetten.ac.at\/index.php\/wp-json\/wp\/v2\/pages\/3524"}],"collection":[{"href":"https:\/\/vsdorfstetten.ac.at\/index.php\/wp-json\/wp\/v2\/pages"}],"about":[{"href":"https:\/\/vsdorfstetten.ac.at\/index.php\/wp-json\/wp\/v2\/types\/page"}],"author":[{"embeddable":true,"href":"https:\/\/vsdorfstetten.ac.at\/index.php\/wp-json\/wp\/v2\/users\/1"}],"replies":[{"embeddable":true,"href":"https:\/\/vsdorfstetten.ac.at\/index.php\/wp-json\/wp\/v2\/comments?post=3524"}],"version-history":[{"count":1,"href":"https:\/\/vsdorfstetten.ac.at\/index.php\/wp-json\/wp\/v2\/pages\/3524\/revisions"}],"predecessor-version":[{"id":3528,"href":"https:\/\/vsdorfstetten.ac.at\/index.php\/wp-json\/wp\/v2\/pages\/3524\/revisions\/3528"}],"wp:attachment":[{"href":"https:\/\/vsdorfstetten.ac.at\/index.php\/wp-json\/wp\/v2\/media?parent=3524"}],"curies":[{"name":"wp","href":"https:\/\/api.w.org\/{rel}","templated":true}]}}