{"id":4152,"date":"2025-09-29T09:02:12","date_gmt":"2025-09-29T09:02:12","guid":{"rendered":"https:\/\/vsdorfstetten.ac.at\/?page_id=4152"},"modified":"2025-09-29T09:02:13","modified_gmt":"2025-09-29T09:02:13","slug":"klassen-2025-26","status":"publish","type":"page","link":"https:\/\/vsdorfstetten.ac.at\/index.php\/klassen-2025-26\/","title":{"rendered":"Klassen 2025-26"},"content":{"rendered":"\n<p><strong>1.Klasse<\/strong><\/p>\n\n\n\n<figure class=\"wp-block-image size-large\"><img loading=\"lazy\" width=\"1024\" height=\"739\" src=\"https:\/\/vsdorfstetten.ac.at\/wp-content\/uploads\/2025\/09\/DSC5052-20x-1024x739.jpg\" alt=\"\" class=\"wp-image-4155\" srcset=\"https:\/\/vsdorfstetten.ac.at\/wp-content\/uploads\/2025\/09\/DSC5052-20x-1024x739.jpg 1024w, https:\/\/vsdorfstetten.ac.at\/wp-content\/uploads\/2025\/09\/DSC5052-20x-300x217.jpg 300w, https:\/\/vsdorfstetten.ac.at\/wp-content\/uploads\/2025\/09\/DSC5052-20x-768x555.jpg 768w, https:\/\/vsdorfstetten.ac.at\/wp-content\/uploads\/2025\/09\/DSC5052-20x-1536x1109.jpg 1536w, https:\/\/vsdorfstetten.ac.at\/wp-content\/uploads\/2025\/09\/DSC5052-20x-2048x1479.jpg 2048w\" sizes=\"(max-width: 1024px) 100vw, 1024px\" \/><\/figure>\n\n\n\n<p>8 Sch\u00fclerinnen und Sch\u00fcler der 1.Schulstufe<\/p>\n\n\n\n<p>7 Sch\u00fclerinnen und Sch\u00fcler der 2.Schulstufe<\/p>\n\n\n\n<p><strong>2.Klasse<\/strong><\/p>\n\n\n\n<figure class=\"wp-block-image size-large\"><img loading=\"lazy\" width=\"1024\" height=\"739\" src=\"https:\/\/vsdorfstetten.ac.at\/wp-content\/uploads\/2025\/09\/DSC5059_21x-1024x739.jpg\" alt=\"\" class=\"wp-image-4156\" srcset=\"https:\/\/vsdorfstetten.ac.at\/wp-content\/uploads\/2025\/09\/DSC5059_21x-1024x739.jpg 1024w, https:\/\/vsdorfstetten.ac.at\/wp-content\/uploads\/2025\/09\/DSC5059_21x-300x217.jpg 300w, https:\/\/vsdorfstetten.ac.at\/wp-content\/uploads\/2025\/09\/DSC5059_21x-768x555.jpg 768w, https:\/\/vsdorfstetten.ac.at\/wp-content\/uploads\/2025\/09\/DSC5059_21x-1536x1109.jpg 1536w, https:\/\/vsdorfstetten.ac.at\/wp-content\/uploads\/2025\/09\/DSC5059_21x-2048x1479.jpg 2048w\" sizes=\"(max-width: 1024px) 100vw, 1024px\" \/><\/figure>\n\n\n\n<p>6 Sch\u00fclerinnen und Sch\u00fcler der 3. Schulstufe<\/p>\n\n\n\n<p>11 Sch\u00fclerinnen und Sch\u00fcler der 4. Schulstufe<\/p>\n","protected":false},"excerpt":{"rendered":"<p>1.Klasse 8 Sch\u00fclerinnen und Sch\u00fcler der 1.Schulstufe 7 Sch\u00fclerinnen und Sch\u00fcler der 2.Schulstufe 2.Klasse 6 Sch\u00fclerinnen und Sch\u00fcler der 3. &hellip; <\/p>\n","protected":false},"author":1,"featured_media":0,"parent":0,"menu_order":0,"comment_status":"closed","ping_status":"closed","template":"","meta":[],"_links":{"self":[{"href":"https:\/\/vsdorfstetten.ac.at\/index.php\/wp-json\/wp\/v2\/pages\/4152"}],"collection":[{"href":"https:\/\/vsdorfstetten.ac.at\/index.php\/wp-json\/wp\/v2\/pages"}],"about":[{"href":"https:\/\/vsdorfstetten.ac.at\/index.php\/wp-json\/wp\/v2\/types\/page"}],"author":[{"embeddable":true,"href":"https:\/\/vsdorfstetten.ac.at\/index.php\/wp-json\/wp\/v2\/users\/1"}],"replies":[{"embeddable":true,"href":"https:\/\/vsdorfstetten.ac.at\/index.php\/wp-json\/wp\/v2\/comments?post=4152"}],"version-history":[{"count":2,"href":"https:\/\/vsdorfstetten.ac.at\/index.php\/wp-json\/wp\/v2\/pages\/4152\/revisions"}],"predecessor-version":[{"id":4158,"href":"https:\/\/vsdorfstetten.ac.at\/index.php\/wp-json\/wp\/v2\/pages\/4152\/revisions\/4158"}],"wp:attachment":[{"href":"https:\/\/vsdorfstetten.ac.at\/index.php\/wp-json\/wp\/v2\/media?parent=4152"}],"curies":[{"name":"wp","href":"https:\/\/api.w.org\/{rel}","templated":true}]}}